{"id":15,"date":"2021-05-19T04:26:55","date_gmt":"2021-05-19T04:26:55","guid":{"rendered":"http:\/\/shinydevs.tk\/cicare\/?page_id=15"},"modified":"2024-10-29T15:04:49","modified_gmt":"2024-10-29T18:04:49","slug":"contacto","status":"publish","type":"page","link":"https:\/\/www.cicare.com.ar\/en\/contacto\/","title":{"rendered":"Contact"},"content":{"rendered":"\t\t<div data-elementor-type=\"wp-page\" data-elementor-id=\"15\" class=\"elementor elementor-15\" data-elementor-post-type=\"page\">\n\t\t\t\t\t\t<section class=\"elementor-section elementor-top-section elementor-element elementor-element-e3633c6 elementor-section-full_width elementor-section-height-default elementor-section-height-default\" data-id=\"e3633c6\" data-element_type=\"section\" data-e-type=\"section\" data-settings=\"{&quot;background_background&quot;:&quot;classic&quot;}\">\n\t\t\t\t\t\t\t<div class=\"elementor-background-overlay\"><\/div>\n\t\t\t\t\t\t\t<div class=\"elementor-container elementor-column-gap-default\">\n\t\t\t\t\t<div class=\"elementor-column elementor-col-100 elementor-top-column elementor-element elementor-element-77b2fb0\" data-id=\"77b2fb0\" data-element_type=\"column\" data-e-type=\"column\">\n\t\t\t<div class=\"elementor-widget-wrap elementor-element-populated\">\n\t\t\t\t\t\t<section class=\"elementor-section elementor-inner-section elementor-element elementor-element-7ed7adc elementor-section-boxed elementor-section-height-default elementor-section-height-default\" data-id=\"7ed7adc\" data-element_type=\"section\" data-e-type=\"section\" data-settings=\"{&quot;background_background&quot;:&quot;classic&quot;}\">\n\t\t\t\t\t\t<div class=\"elementor-container elementor-column-gap-default\">\n\t\t\t\t\t<div class=\"elementor-column elementor-col-100 elementor-inner-column elementor-element elementor-element-818818f\" data-id=\"818818f\" data-element_type=\"column\" data-e-type=\"column\" data-settings=\"{&quot;background_background&quot;:&quot;gradient&quot;}\">\n\t\t\t<div class=\"elementor-widget-wrap elementor-element-populated\">\n\t\t\t\t\t\t<div class=\"elementor-element elementor-element-17ec0d0 elementor-widget elementor-widget-heading\" data-id=\"17ec0d0\" data-element_type=\"widget\" data-e-type=\"widget\" data-widget_type=\"heading.default\">\n\t\t\t\t<div class=\"elementor-widget-container\">\n\t\t\t\t\t<h1 class=\"elementor-heading-title elementor-size-default\">Contacto<\/h1>\t\t\t\t<\/div>\n\t\t\t\t<\/div>\n\t\t\t\t<div class=\"elementor-element elementor-element-ac94dde elementor-widget elementor-widget-text-editor\" data-id=\"ac94dde\" data-element_type=\"widget\" data-e-type=\"widget\" data-widget_type=\"text-editor.default\">\n\t\t\t\t<div class=\"elementor-widget-container\">\n\t\t\t\t\t\t\t\t\tContamos con distribuidores oficiales y representantes de venta a lo largo del mundo. Para atender sus consultas de manera personalizada cont\u00e1ctese con su representante m\u00e1s cercano.\t\t\t\t\t\t\t\t<\/div>\n\t\t\t\t<\/div>\n\t\t\t\t<div class=\"elementor-element elementor-element-c8ac717 elementor-widget elementor-widget-shortcode\" data-id=\"c8ac717\" data-element_type=\"widget\" data-e-type=\"widget\" data-widget_type=\"shortcode.default\">\n\t\t\t\t<div class=\"elementor-widget-container\">\n\t\t\t\t\t\t\t<div class=\"elementor-shortcode\">\n<div class=\"wpcf7 no-js\" id=\"wpcf7-f1975-o1\" lang=\"es-ES\" dir=\"ltr\" data-wpcf7-id=\"1975\">\n<div class=\"screen-reader-response\"><p role=\"status\" aria-live=\"polite\" aria-atomic=\"true\"><\/p> <ul><\/ul><\/div>\n<form action=\"\/en\/wp-json\/wp\/v2\/pages\/15#wpcf7-f1975-o1\" method=\"post\" class=\"wpcf7-form init\" aria-label=\"Formulario de contacto\" novalidate=\"novalidate\" data-status=\"init\">\n<fieldset class=\"hidden-fields-container\"><input type=\"hidden\" name=\"_wpcf7\" value=\"1975\" \/><input type=\"hidden\" name=\"_wpcf7_version\" value=\"6.1.5\" \/><input type=\"hidden\" name=\"_wpcf7_locale\" value=\"es_ES\" \/><input type=\"hidden\" name=\"_wpcf7_unit_tag\" value=\"wpcf7-f1975-o1\" \/><input type=\"hidden\" name=\"_wpcf7_container_post\" value=\"0\" \/><input type=\"hidden\" name=\"_wpcf7_posted_data_hash\" value=\"\" \/><input type=\"hidden\" name=\"_wpcf7_recaptcha_response\" value=\"\" \/>\n<\/fieldset>\n<div class=\"form-100\">\n\t<p><span class=\"wpcf7-form-control-wrap\" data-name=\"nombreapellido\"><input size=\"40\" maxlength=\"400\" class=\"wpcf7-form-control wpcf7-text wpcf7-validates-as-required\" aria-required=\"true\" aria-invalid=\"false\" placeholder=\"Nombre y Apellido\" value=\"\" type=\"text\" name=\"nombreapellido\" \/><\/span>\n\t<\/p>\n<\/div>\n<div class=\"form-50\">\n\t<p><span class=\"wpcf7-form-control-wrap\" data-name=\"compania\"><input size=\"40\" maxlength=\"400\" class=\"wpcf7-form-control wpcf7-text\" aria-invalid=\"false\" placeholder=\"Compa\u00f1\u00eda\" value=\"\" type=\"text\" name=\"compania\" \/><\/span>\n\t<\/p>\n<\/div>\n<div class=\"form-50\">\n\t<p><span class=\"wpcf7-form-control-wrap\" data-name=\"email-606\"><input size=\"40\" maxlength=\"400\" class=\"wpcf7-form-control wpcf7-email wpcf7-validates-as-required wpcf7-text wpcf7-validates-as-email\" aria-required=\"true\" aria-invalid=\"false\" placeholder=\"Email\" value=\"\" type=\"email\" name=\"email-606\" \/><\/span>\n\t<\/p>\n<\/div>\n<div class=\"form-50\">\n\t<p><span class=\"wpcf7-form-control-wrap\" data-name=\"tel-951\"><input size=\"40\" maxlength=\"400\" class=\"wpcf7-form-control wpcf7-tel wpcf7-text wpcf7-validates-as-tel\" aria-invalid=\"false\" placeholder=\"Tel\u00e9fono\" value=\"\" type=\"tel\" name=\"tel-951\" \/><\/span>\n\t<\/p>\n<\/div>\n<div class=\"form-50\">\n\t<p><span class=\"wpcf7-form-control-wrap\" data-name=\"pais\"><input size=\"40\" maxlength=\"400\" class=\"wpcf7-form-control wpcf7-text wpcf7-validates-as-required\" aria-required=\"true\" aria-invalid=\"false\" placeholder=\"Pa\u00eds\" value=\"\" type=\"text\" name=\"pais\" \/><\/span>\n\t<\/p>\n<\/div>\n<div class=\"form-100\">\n\t<p><span class=\"wpcf7-form-control-wrap\" data-name=\"mensaje\"><textarea cols=\"40\" rows=\"3\" maxlength=\"2000\" class=\"wpcf7-form-control wpcf7-textarea\" aria-invalid=\"false\" placeholder=\"Mensaje\" name=\"mensaje\"><\/textarea><\/span>\n\t<\/p>\n<\/div>\n<p><input class=\"wpcf7-form-control wpcf7-submit has-spinner\" type=\"submit\" value=\"Enviar\" \/>\n<\/p><div class=\"wpcf7-response-output\" aria-hidden=\"true\"><\/div>\n<\/form>\n<\/div>\n<\/div>\n\t\t\t\t\t\t<\/div>\n\t\t\t\t<\/div>\n\t\t\t\t\t<\/div>\n\t\t<\/div>\n\t\t\t\t\t<\/div>\n\t\t<\/section>\n\t\t\t\t\t<\/div>\n\t\t<\/div>\n\t\t\t\t\t<\/div>\n\t\t<\/section>\n\t\t\t\t<section class=\"elementor-section elementor-top-section elementor-element elementor-element-b1d8309 elementor-section-boxed elementor-section-height-default elementor-section-height-default\" data-id=\"b1d8309\" data-element_type=\"section\" data-e-type=\"section\">\n\t\t\t\t\t\t<div class=\"elementor-container elementor-column-gap-default\">\n\t\t\t\t\t<div class=\"elementor-column elementor-col-100 elementor-top-column elementor-element elementor-element-1d3165c\" data-id=\"1d3165c\" data-element_type=\"column\" data-e-type=\"column\">\n\t\t\t<div class=\"elementor-widget-wrap elementor-element-populated\">\n\t\t\t\t\t\t<div class=\"elementor-element elementor-element-855c08b elementor-widget elementor-widget-heading\" data-id=\"855c08b\" data-element_type=\"widget\" data-e-type=\"widget\" data-widget_type=\"heading.default\">\n\t\t\t\t<div class=\"elementor-widget-container\">\n\t\t\t\t\t<h2 class=\"elementor-heading-title elementor-size-default\">Distribuidores de venta y servicio t\u00e9cnico\n<\/h2>\t\t\t\t<\/div>\n\t\t\t\t<\/div>\n\t\t<div class=\"elementor-element elementor-element-d15f3c6 e-flex e-con-boxed e-con e-parent\" data-id=\"d15f3c6\" data-element_type=\"container\" data-e-type=\"container\">\n\t\t\t\t\t<div class=\"e-con-inner\">\n\t\t\t\t\t<\/div>\n\t\t\t\t<\/div>\n\t\t\t\t<section class=\"elementor-section elementor-inner-section elementor-element elementor-element-8b2d204 elementor-section-boxed elementor-section-height-default elementor-section-height-default\" data-id=\"8b2d204\" data-element_type=\"section\" data-e-type=\"section\">\n\t\t\t\t\t\t<div class=\"elementor-container elementor-column-gap-extended\">\n\t\t\t\t\t<div class=\"elementor-column elementor-col-25 elementor-inner-column elementor-element elementor-element-1c7a411\" data-id=\"1c7a411\" data-element_type=\"column\" data-e-type=\"column\">\n\t\t\t<div class=\"elementor-widget-wrap elementor-element-populated\">\n\t\t\t\t\t\t<div class=\"elementor-element elementor-element-dc7bad5 elementor-widget elementor-widget-text-editor\" data-id=\"dc7bad5\" data-element_type=\"widget\" data-e-type=\"widget\" data-widget_type=\"text-editor.default\">\n\t\t\t\t<div class=\"elementor-widget-container\">\n\t\t\t\t\t\t\t\t\t<p><strong>Cicar\u00e9 USA<\/strong><\/p><p><span style=\"color: var( --e-global-color-text );\">ADD: No. 5800 Aerie Way, Reno, NV 89510<\/span><\/p><p>TEL: +1 (775) 710-3667<br \/>E-MAIL:<a href=\"mailto:info@cicare-usa.com\"><span style=\"font-weight: 400;\">info@cicare-usa.com<\/span><\/a><\/p>\t\t\t\t\t\t\t\t<\/div>\n\t\t\t\t<\/div>\n\t\t\t\t\t<\/div>\n\t\t<\/div>\n\t\t\t\t<div class=\"elementor-column elementor-col-25 elementor-inner-column elementor-element elementor-element-207b64c\" data-id=\"207b64c\" data-element_type=\"column\" data-e-type=\"column\">\n\t\t\t<div class=\"elementor-widget-wrap elementor-element-populated\">\n\t\t\t\t\t\t<div class=\"elementor-element elementor-element-fa45c44 elementor-widget elementor-widget-text-editor\" data-id=\"fa45c44\" data-element_type=\"widget\" data-e-type=\"widget\" data-widget_type=\"text-editor.default\">\n\t\t\t\t<div class=\"elementor-widget-container\">\n\t\t\t\t\t\t\t\t\t<p><strong><span style=\"font-size: 14px;\">Cicar\u00e9 Europe<\/span><\/strong><\/p><p><span style=\"font-size: 12px;\">ADD: Mainz Airfield [EDFZ] 55126, Mainz, Germany.<\/span><\/p><p><span style=\"font-size: 12px;\">TEL: +49 17661289519<\/span><br style=\"font-size: 12px;\" \/><span style=\"font-size: 12px;\">E-MAIL:<\/span><a style=\"background-color: #ffffff;\" href=\"mailto:info@cicare-europe.com\">info@cicare-europe.com<\/a><\/p>\t\t\t\t\t\t\t\t<\/div>\n\t\t\t\t<\/div>\n\t\t\t\t\t<\/div>\n\t\t<\/div>\n\t\t\t\t<div class=\"elementor-column elementor-col-25 elementor-inner-column elementor-element elementor-element-65d7511\" data-id=\"65d7511\" data-element_type=\"column\" data-e-type=\"column\">\n\t\t\t<div class=\"elementor-widget-wrap elementor-element-populated\">\n\t\t\t\t\t\t<div class=\"elementor-element elementor-element-06458bd elementor-widget elementor-widget-text-editor\" data-id=\"06458bd\" data-element_type=\"widget\" data-e-type=\"widget\" data-widget_type=\"text-editor.default\">\n\t\t\t\t<div class=\"elementor-widget-container\">\n\t\t\t\t\t\t\t\t\t<p><strong>AeroJones Taiwan\u00a0 \u00a0 \u00a0 \u00a0 \u00a0 \u00a0 \u00a0 \u00a0 \u00a0 \u00a0<\/strong><\/p><p><span style=\"color: var( --e-global-color-text );\">ADD: No. 5, Keyuan 1st Rd., Xitun Dist.,Taichung City, Taiwan.<\/span><\/p><p>TEL: +886-4-2461-8885<br \/>E-MAIL: <a href=\"mailto:aerojones@aerojones.com\">aerojones@aerojones.com<\/a><\/p><p>\u00a0<\/p>\t\t\t\t\t\t\t\t<\/div>\n\t\t\t\t<\/div>\n\t\t\t\t\t<\/div>\n\t\t<\/div>\n\t\t\t\t<div class=\"elementor-column elementor-col-25 elementor-inner-column elementor-element elementor-element-b7a74d3\" data-id=\"b7a74d3\" data-element_type=\"column\" data-e-type=\"column\">\n\t\t\t<div class=\"elementor-widget-wrap elementor-element-populated\">\n\t\t\t\t\t\t<div class=\"elementor-element elementor-element-6cb37ba elementor-widget elementor-widget-text-editor\" data-id=\"6cb37ba\" data-element_type=\"widget\" data-e-type=\"widget\" data-widget_type=\"text-editor.default\">\n\t\t\t\t<div class=\"elementor-widget-container\">\n\t\t\t\t\t\t\t\t\t<p style=\"text-align: left;\"><strong>AeroJones Xiamen<\/strong><\/p><p style=\"text-align: left;\">ADD: No. 8-10, Tianfeng Rd., Jimei North Zone 361021, Xiamen, China.<\/p><p style=\"text-align: left;\">TEL: +86-592-319-9866<br \/>E-MAIL: <a href=\"mailto:aerojones@aerojones.com\">aerojones@aerojones.com<\/a><\/p><p style=\"text-align: left;\">\u00a0<\/p>\t\t\t\t\t\t\t\t<\/div>\n\t\t\t\t<\/div>\n\t\t\t\t\t<\/div>\n\t\t<\/div>\n\t\t\t\t\t<\/div>\n\t\t<\/section>\n\t\t\t\t\t<\/div>\n\t\t<\/div>\n\t\t\t\t\t<\/div>\n\t\t<\/section>\n\t\t\t\t<\/div>\n\t\t","protected":false},"excerpt":{"rendered":"<p>Contamos con distribuidores oficiales y representantes de venta a lo largo del mundo. Para atender sus consultas de manera personalizada cont\u00e1ctese con su representante m\u00e1s cercano. Distribuidores de venta y servicio t\u00e9cnico Cicar\u00e9 USA ADD: No. 5800 Aerie Way, Reno, NV 89510 TEL: +1 (775) 710-3667E-MAIL:info@cicare-usa.com Cicar\u00e9 Europe ADD: Mainz Airfield [EDFZ] 55126, Mainz, Germany. [&hellip;]<\/p>\n","protected":false},"author":2,"featured_media":0,"parent":0,"menu_order":0,"comment_status":"closed","ping_status":"closed","template":"elementor_header_footer","meta":{"footnotes":""},"class_list":["post-15","page","type-page","status-publish","hentry"],"yoast_head":"<!-- This site is optimized with the Yoast SEO plugin v27.5 - https:\/\/yoast.com\/product\/yoast-seo-wordpress\/ -->\n<title>Contacto - Cicar\u00e9<\/title>\n<meta name=\"robots\" content=\"index, follow, max-snippet:-1, max-image-preview:large, max-video-preview:-1\" \/>\n<link rel=\"canonical\" href=\"https:\/\/www.cicare.com.ar\/en\/contacto\/\" \/>\n<meta property=\"og:locale\" content=\"en_US\" \/>\n<meta property=\"og:type\" content=\"article\" \/>\n<meta property=\"og:title\" content=\"Contacto - Cicar\u00e9\" \/>\n<meta property=\"og:description\" content=\"Contamos con distribuidores oficiales y representantes de venta a lo largo del mundo. Para atender sus consultas de manera personalizada cont\u00e1ctese con su representante m\u00e1s cercano. Distribuidores de venta y servicio t\u00e9cnico Cicar\u00e9 USA ADD: No. 5800 Aerie Way, Reno, NV 89510 TEL: +1 (775) 710-3667E-MAIL:info@cicare-usa.com Cicar\u00e9 Europe ADD: Mainz Airfield [EDFZ] 55126, Mainz, Germany. [&hellip;]\" \/>\n<meta property=\"og:url\" content=\"https:\/\/www.cicare.com.ar\/en\/contacto\/\" \/>\n<meta property=\"og:site_name\" content=\"Cicar\u00e9\" \/>\n<meta property=\"article:modified_time\" content=\"2024-10-29T18:04:49+00:00\" \/>\n<meta name=\"twitter:card\" content=\"summary_large_image\" \/>\n<meta name=\"twitter:label1\" content=\"Est. reading time\" \/>\n\t<meta name=\"twitter:data1\" content=\"1 minute\" \/>\n<script type=\"application\/ld+json\" class=\"yoast-schema-graph\">{\"@context\":\"https:\\\/\\\/schema.org\",\"@graph\":[{\"@type\":\"WebPage\",\"@id\":\"https:\\\/\\\/www.cicare.com.ar\\\/contacto\\\/\",\"url\":\"https:\\\/\\\/www.cicare.com.ar\\\/contacto\\\/\",\"name\":\"Contacto - Cicar\u00e9\",\"isPartOf\":{\"@id\":\"https:\\\/\\\/www.cicare.com.ar\\\/#website\"},\"datePublished\":\"2021-05-19T04:26:55+00:00\",\"dateModified\":\"2024-10-29T18:04:49+00:00\",\"breadcrumb\":{\"@id\":\"https:\\\/\\\/www.cicare.com.ar\\\/contacto\\\/#breadcrumb\"},\"inLanguage\":\"en-US\",\"potentialAction\":[{\"@type\":\"ReadAction\",\"target\":[\"https:\\\/\\\/www.cicare.com.ar\\\/contacto\\\/\"]}]},{\"@type\":\"BreadcrumbList\",\"@id\":\"https:\\\/\\\/www.cicare.com.ar\\\/contacto\\\/#breadcrumb\",\"itemListElement\":[{\"@type\":\"ListItem\",\"position\":1,\"name\":\"Inicio\",\"item\":\"https:\\\/\\\/www.cicare.com.ar\\\/\"},{\"@type\":\"ListItem\",\"position\":2,\"name\":\"Contacto\"}]},{\"@type\":\"WebSite\",\"@id\":\"https:\\\/\\\/www.cicare.com.ar\\\/#website\",\"url\":\"https:\\\/\\\/www.cicare.com.ar\\\/\",\"name\":\"Cicar\u00e9\",\"description\":\"Dream Believe Fly\",\"publisher\":{\"@id\":\"https:\\\/\\\/www.cicare.com.ar\\\/#organization\"},\"potentialAction\":[{\"@type\":\"SearchAction\",\"target\":{\"@type\":\"EntryPoint\",\"urlTemplate\":\"https:\\\/\\\/www.cicare.com.ar\\\/?s={search_term_string}\"},\"query-input\":{\"@type\":\"PropertyValueSpecification\",\"valueRequired\":true,\"valueName\":\"search_term_string\"}}],\"inLanguage\":\"en-US\"},{\"@type\":\"Organization\",\"@id\":\"https:\\\/\\\/www.cicare.com.ar\\\/#organization\",\"name\":\"Cicar\u00e9\",\"url\":\"https:\\\/\\\/www.cicare.com.ar\\\/\",\"logo\":{\"@type\":\"ImageObject\",\"inLanguage\":\"en-US\",\"@id\":\"https:\\\/\\\/www.cicare.com.ar\\\/#\\\/schema\\\/logo\\\/image\\\/\",\"url\":\"https:\\\/\\\/www.cicare.com.ar\\\/wp-content\\\/uploads\\\/cicare-dbf-color.svg\",\"contentUrl\":\"https:\\\/\\\/www.cicare.com.ar\\\/wp-content\\\/uploads\\\/cicare-dbf-color.svg\",\"width\":314,\"height\":121,\"caption\":\"Cicar\u00e9\"},\"image\":{\"@id\":\"https:\\\/\\\/www.cicare.com.ar\\\/#\\\/schema\\\/logo\\\/image\\\/\"}}]}<\/script>\n<!-- \/ Yoast SEO plugin. -->","yoast_head_json":{"title":"Contacto - Cicar\u00e9","robots":{"index":"index","follow":"follow","max-snippet":"max-snippet:-1","max-image-preview":"max-image-preview:large","max-video-preview":"max-video-preview:-1"},"canonical":"https:\/\/www.cicare.com.ar\/en\/contacto\/","og_locale":"en_US","og_type":"article","og_title":"Contacto - Cicar\u00e9","og_description":"Contamos con distribuidores oficiales y representantes de venta a lo largo del mundo. Para atender sus consultas de manera personalizada cont\u00e1ctese con su representante m\u00e1s cercano. Distribuidores de venta y servicio t\u00e9cnico Cicar\u00e9 USA ADD: No. 5800 Aerie Way, Reno, NV 89510 TEL: +1 (775) 710-3667E-MAIL:info@cicare-usa.com Cicar\u00e9 Europe ADD: Mainz Airfield [EDFZ] 55126, Mainz, Germany. [&hellip;]","og_url":"https:\/\/www.cicare.com.ar\/en\/contacto\/","og_site_name":"Cicar\u00e9","article_modified_time":"2024-10-29T18:04:49+00:00","twitter_card":"summary_large_image","twitter_misc":{"Est. reading time":"1 minute"},"schema":{"@context":"https:\/\/schema.org","@graph":[{"@type":"WebPage","@id":"https:\/\/www.cicare.com.ar\/contacto\/","url":"https:\/\/www.cicare.com.ar\/contacto\/","name":"Contacto - Cicar\u00e9","isPartOf":{"@id":"https:\/\/www.cicare.com.ar\/#website"},"datePublished":"2021-05-19T04:26:55+00:00","dateModified":"2024-10-29T18:04:49+00:00","breadcrumb":{"@id":"https:\/\/www.cicare.com.ar\/contacto\/#breadcrumb"},"inLanguage":"en-US","potentialAction":[{"@type":"ReadAction","target":["https:\/\/www.cicare.com.ar\/contacto\/"]}]},{"@type":"BreadcrumbList","@id":"https:\/\/www.cicare.com.ar\/contacto\/#breadcrumb","itemListElement":[{"@type":"ListItem","position":1,"name":"Inicio","item":"https:\/\/www.cicare.com.ar\/"},{"@type":"ListItem","position":2,"name":"Contacto"}]},{"@type":"WebSite","@id":"https:\/\/www.cicare.com.ar\/#website","url":"https:\/\/www.cicare.com.ar\/","name":"Cicar\u00e9","description":"Dream Believe Fly","publisher":{"@id":"https:\/\/www.cicare.com.ar\/#organization"},"potentialAction":[{"@type":"SearchAction","target":{"@type":"EntryPoint","urlTemplate":"https:\/\/www.cicare.com.ar\/?s={search_term_string}"},"query-input":{"@type":"PropertyValueSpecification","valueRequired":true,"valueName":"search_term_string"}}],"inLanguage":"en-US"},{"@type":"Organization","@id":"https:\/\/www.cicare.com.ar\/#organization","name":"Cicar\u00e9","url":"https:\/\/www.cicare.com.ar\/","logo":{"@type":"ImageObject","inLanguage":"en-US","@id":"https:\/\/www.cicare.com.ar\/#\/schema\/logo\/image\/","url":"https:\/\/www.cicare.com.ar\/wp-content\/uploads\/cicare-dbf-color.svg","contentUrl":"https:\/\/www.cicare.com.ar\/wp-content\/uploads\/cicare-dbf-color.svg","width":314,"height":121,"caption":"Cicar\u00e9"},"image":{"@id":"https:\/\/www.cicare.com.ar\/#\/schema\/logo\/image\/"}}]}},"_links":{"self":[{"href":"https:\/\/www.cicare.com.ar\/en\/wp-json\/wp\/v2\/pages\/15","targetHints":{"allow":["GET"]}}],"collection":[{"href":"https:\/\/www.cicare.com.ar\/en\/wp-json\/wp\/v2\/pages"}],"about":[{"href":"https:\/\/www.cicare.com.ar\/en\/wp-json\/wp\/v2\/types\/page"}],"author":[{"embeddable":true,"href":"https:\/\/www.cicare.com.ar\/en\/wp-json\/wp\/v2\/users\/2"}],"replies":[{"embeddable":true,"href":"https:\/\/www.cicare.com.ar\/en\/wp-json\/wp\/v2\/comments?post=15"}],"version-history":[{"count":237,"href":"https:\/\/www.cicare.com.ar\/en\/wp-json\/wp\/v2\/pages\/15\/revisions"}],"predecessor-version":[{"id":2475,"href":"https:\/\/www.cicare.com.ar\/en\/wp-json\/wp\/v2\/pages\/15\/revisions\/2475"}],"wp:attachment":[{"href":"https:\/\/www.cicare.com.ar\/en\/wp-json\/wp\/v2\/media?parent=15"}],"curies":[{"name":"wp","href":"https:\/\/api.w.org\/{rel}","templated":true}]}}