{"id":758,"date":"2021-07-13T03:43:37","date_gmt":"2021-07-13T03:43:37","guid":{"rendered":"http:\/\/shinydevs.tk\/cicare\/?page_id=758"},"modified":"2024-06-14T11:32:50","modified_gmt":"2024-06-14T14:32:50","slug":"home","status":"publish","type":"page","link":"https:\/\/www.cicare.com.ar\/en\/","title":{"rendered":"Inicio"},"content":{"rendered":"<div data-elementor-type=\"wp-page\" data-elementor-id=\"758\" class=\"elementor elementor-758\" data-elementor-post-type=\"page\">\n\t\t\t\t\t\t<section class=\"elementor-section elementor-top-section elementor-element elementor-element-dd4bf5f elementor-section-items-top elementor-section-full_width elementor-section-height-min-height elementor-section-content-top elementor-section-height-default\" data-id=\"dd4bf5f\" data-element_type=\"section\" data-e-type=\"section\" data-settings=\"{&quot;background_background&quot;:&quot;classic&quot;}\">\n\t\t\t\t\t\t\t<div class=\"elementor-background-overlay\"><\/div>\n\t\t\t\t\t\t\t<div class=\"elementor-container elementor-column-gap-default\">\n\t\t\t\t\t<div class=\"elementor-column elementor-col-100 elementor-top-column elementor-element elementor-element-f3d87c5\" data-id=\"f3d87c5\" data-element_type=\"column\" data-e-type=\"column\">\n\t\t\t<div class=\"elementor-widget-wrap elementor-element-populated\">\n\t\t\t\t\t\t<section class=\"elementor-section elementor-inner-section elementor-element elementor-element-9c29096 elementor-section-full_width elementor-section-content-middle elementor-section-height-default elementor-section-height-default\" data-id=\"9c29096\" data-element_type=\"section\" data-e-type=\"section\">\n\t\t\t\t\t\t\t<div class=\"elementor-background-overlay\"><\/div>\n\t\t\t\t\t\t\t<div class=\"elementor-container elementor-column-gap-default\">\n\t\t\t\t\t<div class=\"elementor-column elementor-col-100 elementor-inner-column elementor-element elementor-element-c433195\" data-id=\"c433195\" data-element_type=\"column\" data-e-type=\"column\">\n\t\t\t<div class=\"elementor-widget-wrap elementor-element-populated\">\n\t\t\t\t\t\t<div class=\"elementor-element elementor-element-119c909 elementor-widget elementor-widget-image\" data-id=\"119c909\" data-element_type=\"widget\" data-e-type=\"widget\" data-widget_type=\"image.default\">\n\t\t\t\t<div class=\"elementor-widget-container\">\n\t\t\t\t\t\t\t\t\t\t\t\t\t\t\t<img fetchpriority=\"high\" decoding=\"async\" width=\"800\" height=\"156\" src=\"https:\/\/www.cicare.com.ar\/wp-content\/uploads\/c8-w.svg\" class=\"attachment-large size-large wp-image-1294\" alt=\"\" \/>\t\t\t\t\t\t\t\t\t\t\t\t\t\t\t<\/div>\n\t\t\t\t<\/div>\n\t\t\t\t<div class=\"elementor-element elementor-element-8e3af7a elementor-widget__width-initial elementor-widget elementor-widget-text-editor\" data-id=\"8e3af7a\" data-element_type=\"widget\" data-e-type=\"widget\" data-widget_type=\"text-editor.default\">\n\t\t\t\t<div class=\"elementor-widget-container\">\n\t\t\t\t\t\t\t\t\tReach Further. The most powerful Ultra light side by side in its category.\t\t\t\t\t\t\t\t<\/div>\n\t\t\t\t<\/div>\n\t\t\t\t<div class=\"elementor-element elementor-element-d19ac4f elementor-align-center elementor-widget elementor-widget-button\" data-id=\"d19ac4f\" data-element_type=\"widget\" data-e-type=\"widget\" data-widget_type=\"button.default\">\n\t\t\t\t<div class=\"elementor-widget-container\">\n\t\t\t\t\t\t\t\t\t<div class=\"elementor-button-wrapper\">\n\t\t\t\t\t<a class=\"elementor-button elementor-button-link elementor-size-sm\" href=\"https:\/\/www.cicare.com.ar\/en\/cicare-8\/\">\n\t\t\t\t\t\t<span class=\"elementor-button-content-wrapper\">\n\t\t\t\t\t\t\t\t\t<span class=\"elementor-button-text\">See product<\/span>\n\t\t\t\t\t<\/span>\n\t\t\t\t\t<\/a>\n\t\t\t\t<\/div>\n\t\t\t\t\t\t\t\t<\/div>\n\t\t\t\t<\/div>\n\t\t\t\t\t<\/div>\n\t\t<\/div>\n\t\t\t\t\t<\/div>\n\t\t<\/section>\n\t\t\t\t\t<\/div>\n\t\t<\/div>\n\t\t\t\t\t<\/div>\n\t\t<\/section>\n\t\t\t\t<section class=\"elementor-section elementor-top-section elementor-element elementor-element-7b0b656 elementor-section-full_width elementor-section-height-min-height elementor-section-content-middle elementor-section-stretched elementor-section-height-default elementor-section-items-middle\" data-id=\"7b0b656\" data-element_type=\"section\" data-e-type=\"section\" data-settings=\"{&quot;background_background&quot;:&quot;classic&quot;,&quot;stretch_section&quot;:&quot;section-stretched&quot;}\">\n\t\t\t\t\t\t\t<div class=\"elementor-background-overlay\"><\/div>\n\t\t\t\t\t\t\t<div class=\"elementor-container elementor-column-gap-default\">\n\t\t\t\t\t<div class=\"elementor-column elementor-col-100 elementor-top-column elementor-element elementor-element-ae02dac\" data-id=\"ae02dac\" data-element_type=\"column\" data-e-type=\"column\">\n\t\t\t<div class=\"elementor-widget-wrap elementor-element-populated\">\n\t\t\t\t\t\t<section class=\"elementor-section elementor-inner-section elementor-element elementor-element-89c8ccb elementor-section-boxed elementor-section-height-default elementor-section-height-default\" data-id=\"89c8ccb\" data-element_type=\"section\" data-e-type=\"section\">\n\t\t\t\t\t\t\t<div class=\"elementor-background-overlay\"><\/div>\n\t\t\t\t\t\t\t<div class=\"elementor-container elementor-column-gap-default\">\n\t\t\t\t\t<div class=\"elementor-column elementor-col-100 elementor-inner-column elementor-element elementor-element-c11bdfc\" data-id=\"c11bdfc\" data-element_type=\"column\" data-e-type=\"column\">\n\t\t\t<div class=\"elementor-widget-wrap elementor-element-populated\">\n\t\t\t\t\t\t<div class=\"elementor-element elementor-element-7e7dc46 elementor-widget elementor-widget-image\" data-id=\"7e7dc46\" data-element_type=\"widget\" data-e-type=\"widget\" data-widget_type=\"image.default\">\n\t\t\t\t<div class=\"elementor-widget-container\">\n\t\t\t\t\t\t\t\t\t\t\t\t\t\t\t<img decoding=\"async\" width=\"1123\" height=\"218\" src=\"https:\/\/www.cicare.com.ar\/wp-content\/uploads\/c7-w.svg\" class=\"attachment-full size-full wp-image-1295\" alt=\"\" \/>\t\t\t\t\t\t\t\t\t\t\t\t\t\t\t<\/div>\n\t\t\t\t<\/div>\n\t\t\t\t<div class=\"elementor-element elementor-element-e8ec96a elementor-widget__width-initial elementor-widget elementor-widget-text-editor\" data-id=\"e8ec96a\" data-element_type=\"widget\" data-e-type=\"widget\" data-widget_type=\"text-editor.default\">\n\t\t\t\t<div class=\"elementor-widget-container\">\n\t\t\t\t\t\t\t\t\t<p>Pure adrenaline. Ultra Light, super versatile.<\/p>\t\t\t\t\t\t\t\t<\/div>\n\t\t\t\t<\/div>\n\t\t\t\t<div class=\"elementor-element elementor-element-ca1386b elementor-align-center elementor-widget elementor-widget-button\" data-id=\"ca1386b\" data-element_type=\"widget\" data-e-type=\"widget\" data-widget_type=\"button.default\">\n\t\t\t\t<div class=\"elementor-widget-container\">\n\t\t\t\t\t\t\t\t\t<div class=\"elementor-button-wrapper\">\n\t\t\t\t\t<a class=\"elementor-button elementor-button-link elementor-size-sm\" href=\"https:\/\/www.cicare.com.ar\/en\/cicare-7\/\">\n\t\t\t\t\t\t<span class=\"elementor-button-content-wrapper\">\n\t\t\t\t\t\t\t\t\t<span class=\"elementor-button-text\">See product<\/span>\n\t\t\t\t\t<\/span>\n\t\t\t\t\t<\/a>\n\t\t\t\t<\/div>\n\t\t\t\t\t\t\t\t<\/div>\n\t\t\t\t<\/div>\n\t\t\t\t\t<\/div>\n\t\t<\/div>\n\t\t\t\t\t<\/div>\n\t\t<\/section>\n\t\t\t\t\t<\/div>\n\t\t<\/div>\n\t\t\t\t\t<\/div>\n\t\t<\/section>\n\t\t\t\t<section class=\"elementor-section elementor-top-section elementor-element elementor-element-0442afa elementor-section-full_width elementor-section-height-min-height elementor-section-stretched elementor-section-content-middle elementor-section-height-default elementor-section-items-middle\" data-id=\"0442afa\" data-element_type=\"section\" data-e-type=\"section\" data-settings=\"{&quot;background_background&quot;:&quot;classic&quot;,&quot;stretch_section&quot;:&quot;section-stretched&quot;}\">\n\t\t\t\t\t\t\t<div class=\"elementor-background-overlay\"><\/div>\n\t\t\t\t\t\t\t<div class=\"elementor-container elementor-column-gap-default\">\n\t\t\t\t\t<div class=\"elementor-column elementor-col-100 elementor-top-column elementor-element elementor-element-85ce0da\" data-id=\"85ce0da\" data-element_type=\"column\" data-e-type=\"column\">\n\t\t\t<div class=\"elementor-widget-wrap elementor-element-populated\">\n\t\t\t\t\t\t<section class=\"elementor-section elementor-inner-section elementor-element elementor-element-b32a2a6 elementor-section-boxed elementor-section-height-default elementor-section-height-default\" data-id=\"b32a2a6\" data-element_type=\"section\" data-e-type=\"section\">\n\t\t\t\t\t\t\t<div class=\"elementor-background-overlay\"><\/div>\n\t\t\t\t\t\t\t<div class=\"elementor-container elementor-column-gap-default\">\n\t\t\t\t\t<div class=\"elementor-column elementor-col-100 elementor-inner-column elementor-element elementor-element-d85e27d\" data-id=\"d85e27d\" data-element_type=\"column\" data-e-type=\"column\">\n\t\t\t<div class=\"elementor-widget-wrap elementor-element-populated\">\n\t\t\t\t\t\t<div class=\"elementor-element elementor-element-6f0fa20 elementor-widget elementor-widget-image\" data-id=\"6f0fa20\" data-element_type=\"widget\" data-e-type=\"widget\" data-widget_type=\"image.default\">\n\t\t\t\t<div class=\"elementor-widget-container\">\n\t\t\t\t\t\t\t\t\t\t\t\t\t\t\t<img decoding=\"async\" src=\"https:\/\/www.cicare.com.ar\/wp-content\/uploads\/cicare-trainer-w.svg\" class=\"attachment-full size-full wp-image-624\" alt=\"\" \/>\t\t\t\t\t\t\t\t\t\t\t\t\t\t\t<\/div>\n\t\t\t\t<\/div>\n\t\t\t\t<div class=\"elementor-element elementor-element-c89532f elementor-widget__width-initial elementor-widget-mobile__width-initial elementor-widget elementor-widget-text-editor\" data-id=\"c89532f\" data-element_type=\"widget\" data-e-type=\"widget\" data-widget_type=\"text-editor.default\">\n\t\t\t\t<div class=\"elementor-widget-container\">\n\t\t\t\t\t\t\t\t\t<p>Learn to fly with your feet on the ground<\/p>\t\t\t\t\t\t\t\t<\/div>\n\t\t\t\t<\/div>\n\t\t\t\t<div class=\"elementor-element elementor-element-59ca51f elementor-align-center elementor-widget elementor-widget-button\" data-id=\"59ca51f\" data-element_type=\"widget\" data-e-type=\"widget\" data-widget_type=\"button.default\">\n\t\t\t\t<div class=\"elementor-widget-container\">\n\t\t\t\t\t\t\t\t\t<div class=\"elementor-button-wrapper\">\n\t\t\t\t\t<a class=\"elementor-button elementor-button-link elementor-size-sm\" href=\"https:\/\/www.cicare.com.ar\/en\/cicare-trainer\/\">\n\t\t\t\t\t\t<span class=\"elementor-button-content-wrapper\">\n\t\t\t\t\t\t\t\t\t<span class=\"elementor-button-text\">See product<\/span>\n\t\t\t\t\t<\/span>\n\t\t\t\t\t<\/a>\n\t\t\t\t<\/div>\n\t\t\t\t\t\t\t\t<\/div>\n\t\t\t\t<\/div>\n\t\t\t\t\t<\/div>\n\t\t<\/div>\n\t\t\t\t\t<\/div>\n\t\t<\/section>\n\t\t\t\t\t<\/div>\n\t\t<\/div>\n\t\t\t\t\t<\/div>\n\t\t<\/section>\n\t\t\t\t<\/div>","protected":false},"excerpt":{"rendered":"<p>Ultraligero biplaza lado a lado m\u00e1s potente de su segmento. Ver producto Adrenalina pura. Ultra Ligero, s\u00faper vers\u00e1til. Ver producto Aprende a volar con los pies sobre la tierra Ver producto<\/p>","protected":false},"author":2,"featured_media":0,"parent":0,"menu_order":0,"comment_status":"closed","ping_status":"closed","template":"elementor_header_footer","meta":{"footnotes":""},"class_list":["post-758","page","type-page","status-publish","hentry"],"yoast_head":"<!-- This site is optimized with the Yoast SEO plugin v27.4 - https:\/\/yoast.com\/product\/yoast-seo-wordpress\/ -->\n<title>Inicio - Cicar\u00e9<\/title>\n<meta name=\"robots\" content=\"index, follow, max-snippet:-1, max-image-preview:large, max-video-preview:-1\" \/>\n<link rel=\"canonical\" href=\"https:\/\/www.cicare.com.ar\/en\/\" \/>\n<meta property=\"og:locale\" content=\"en_US\" \/>\n<meta property=\"og:type\" content=\"article\" \/>\n<meta property=\"og:title\" content=\"Inicio - Cicar\u00e9\" \/>\n<meta property=\"og:description\" content=\"Ultraligero biplaza lado a lado m\u00e1s potente de su segmento. Ver producto Adrenalina pura. Ultra Ligero, s\u00faper vers\u00e1til. Ver producto Aprende a volar con los pies sobre la tierra Ver producto\" \/>\n<meta property=\"og:url\" content=\"https:\/\/www.cicare.com.ar\/en\/\" \/>\n<meta property=\"og:site_name\" content=\"Cicar\u00e9\" \/>\n<meta property=\"article:modified_time\" content=\"2024-06-14T14:32:50+00:00\" \/>\n<meta property=\"og:image\" content=\"https:\/\/www.cicare.com.ar\/wp-content\/uploads\/c8-w.svg\" \/>\n<meta name=\"twitter:card\" content=\"summary_large_image\" \/>\n<meta name=\"twitter:label1\" content=\"Est. reading time\" \/>\n\t<meta name=\"twitter:data1\" content=\"1 minute\" \/>\n<script type=\"application\/ld+json\" class=\"yoast-schema-graph\">{\"@context\":\"https:\\\/\\\/schema.org\",\"@graph\":[{\"@type\":\"WebPage\",\"@id\":\"https:\\\/\\\/www.cicare.com.ar\\\/\",\"url\":\"https:\\\/\\\/www.cicare.com.ar\\\/\",\"name\":\"Inicio - Cicar\u00e9\",\"isPartOf\":{\"@id\":\"https:\\\/\\\/www.cicare.com.ar\\\/#website\"},\"primaryImageOfPage\":{\"@id\":\"https:\\\/\\\/www.cicare.com.ar\\\/#primaryimage\"},\"image\":{\"@id\":\"https:\\\/\\\/www.cicare.com.ar\\\/#primaryimage\"},\"thumbnailUrl\":\"https:\\\/\\\/www.cicare.com.ar\\\/wp-content\\\/uploads\\\/c8-w.svg\",\"datePublished\":\"2021-07-13T03:43:37+00:00\",\"dateModified\":\"2024-06-14T14:32:50+00:00\",\"breadcrumb\":{\"@id\":\"https:\\\/\\\/www.cicare.com.ar\\\/#breadcrumb\"},\"inLanguage\":\"en-US\",\"potentialAction\":[{\"@type\":\"ReadAction\",\"target\":[\"https:\\\/\\\/www.cicare.com.ar\\\/\"]}]},{\"@type\":\"ImageObject\",\"inLanguage\":\"en-US\",\"@id\":\"https:\\\/\\\/www.cicare.com.ar\\\/#primaryimage\",\"url\":\"https:\\\/\\\/www.cicare.com.ar\\\/wp-content\\\/uploads\\\/c8-w.svg\",\"contentUrl\":\"https:\\\/\\\/www.cicare.com.ar\\\/wp-content\\\/uploads\\\/c8-w.svg\"},{\"@type\":\"BreadcrumbList\",\"@id\":\"https:\\\/\\\/www.cicare.com.ar\\\/#breadcrumb\",\"itemListElement\":[{\"@type\":\"ListItem\",\"position\":1,\"name\":\"Inicio\",\"item\":\"https:\\\/\\\/www.cicare.com.ar\\\/\"},{\"@type\":\"ListItem\",\"position\":2,\"name\":\"Inicio\"}]},{\"@type\":\"WebSite\",\"@id\":\"https:\\\/\\\/www.cicare.com.ar\\\/#website\",\"url\":\"https:\\\/\\\/www.cicare.com.ar\\\/\",\"name\":\"Cicar\u00e9\",\"description\":\"Dream Believe Fly\",\"publisher\":{\"@id\":\"https:\\\/\\\/www.cicare.com.ar\\\/#organization\"},\"potentialAction\":[{\"@type\":\"SearchAction\",\"target\":{\"@type\":\"EntryPoint\",\"urlTemplate\":\"https:\\\/\\\/www.cicare.com.ar\\\/?s={search_term_string}\"},\"query-input\":{\"@type\":\"PropertyValueSpecification\",\"valueRequired\":true,\"valueName\":\"search_term_string\"}}],\"inLanguage\":\"en-US\"},{\"@type\":\"Organization\",\"@id\":\"https:\\\/\\\/www.cicare.com.ar\\\/#organization\",\"name\":\"Cicar\u00e9\",\"url\":\"https:\\\/\\\/www.cicare.com.ar\\\/\",\"logo\":{\"@type\":\"ImageObject\",\"inLanguage\":\"en-US\",\"@id\":\"https:\\\/\\\/www.cicare.com.ar\\\/#\\\/schema\\\/logo\\\/image\\\/\",\"url\":\"https:\\\/\\\/www.cicare.com.ar\\\/wp-content\\\/uploads\\\/cicare-dbf-color.svg\",\"contentUrl\":\"https:\\\/\\\/www.cicare.com.ar\\\/wp-content\\\/uploads\\\/cicare-dbf-color.svg\",\"width\":314,\"height\":121,\"caption\":\"Cicar\u00e9\"},\"image\":{\"@id\":\"https:\\\/\\\/www.cicare.com.ar\\\/#\\\/schema\\\/logo\\\/image\\\/\"}}]}<\/script>\n<!-- \/ Yoast SEO plugin. -->","yoast_head_json":{"title":"Inicio - Cicar\u00e9","robots":{"index":"index","follow":"follow","max-snippet":"max-snippet:-1","max-image-preview":"max-image-preview:large","max-video-preview":"max-video-preview:-1"},"canonical":"https:\/\/www.cicare.com.ar\/en\/","og_locale":"en_US","og_type":"article","og_title":"Inicio - Cicar\u00e9","og_description":"Ultraligero biplaza lado a lado m\u00e1s potente de su segmento. Ver producto Adrenalina pura. Ultra Ligero, s\u00faper vers\u00e1til. Ver producto Aprende a volar con los pies sobre la tierra Ver producto","og_url":"https:\/\/www.cicare.com.ar\/en\/","og_site_name":"Cicar\u00e9","article_modified_time":"2024-06-14T14:32:50+00:00","og_image":[{"url":"https:\/\/www.cicare.com.ar\/wp-content\/uploads\/c8-w.svg","type":"","width":"","height":""}],"twitter_card":"summary_large_image","twitter_misc":{"Est. reading time":"1 minute"},"schema":{"@context":"https:\/\/schema.org","@graph":[{"@type":"WebPage","@id":"https:\/\/www.cicare.com.ar\/","url":"https:\/\/www.cicare.com.ar\/","name":"Inicio - Cicar\u00e9","isPartOf":{"@id":"https:\/\/www.cicare.com.ar\/#website"},"primaryImageOfPage":{"@id":"https:\/\/www.cicare.com.ar\/#primaryimage"},"image":{"@id":"https:\/\/www.cicare.com.ar\/#primaryimage"},"thumbnailUrl":"https:\/\/www.cicare.com.ar\/wp-content\/uploads\/c8-w.svg","datePublished":"2021-07-13T03:43:37+00:00","dateModified":"2024-06-14T14:32:50+00:00","breadcrumb":{"@id":"https:\/\/www.cicare.com.ar\/#breadcrumb"},"inLanguage":"en-US","potentialAction":[{"@type":"ReadAction","target":["https:\/\/www.cicare.com.ar\/"]}]},{"@type":"ImageObject","inLanguage":"en-US","@id":"https:\/\/www.cicare.com.ar\/#primaryimage","url":"https:\/\/www.cicare.com.ar\/wp-content\/uploads\/c8-w.svg","contentUrl":"https:\/\/www.cicare.com.ar\/wp-content\/uploads\/c8-w.svg"},{"@type":"BreadcrumbList","@id":"https:\/\/www.cicare.com.ar\/#breadcrumb","itemListElement":[{"@type":"ListItem","position":1,"name":"Inicio","item":"https:\/\/www.cicare.com.ar\/"},{"@type":"ListItem","position":2,"name":"Inicio"}]},{"@type":"WebSite","@id":"https:\/\/www.cicare.com.ar\/#website","url":"https:\/\/www.cicare.com.ar\/","name":"Cicar\u00e9","description":"Dream Believe Fly","publisher":{"@id":"https:\/\/www.cicare.com.ar\/#organization"},"potentialAction":[{"@type":"SearchAction","target":{"@type":"EntryPoint","urlTemplate":"https:\/\/www.cicare.com.ar\/?s={search_term_string}"},"query-input":{"@type":"PropertyValueSpecification","valueRequired":true,"valueName":"search_term_string"}}],"inLanguage":"en-US"},{"@type":"Organization","@id":"https:\/\/www.cicare.com.ar\/#organization","name":"Cicar\u00e9","url":"https:\/\/www.cicare.com.ar\/","logo":{"@type":"ImageObject","inLanguage":"en-US","@id":"https:\/\/www.cicare.com.ar\/#\/schema\/logo\/image\/","url":"https:\/\/www.cicare.com.ar\/wp-content\/uploads\/cicare-dbf-color.svg","contentUrl":"https:\/\/www.cicare.com.ar\/wp-content\/uploads\/cicare-dbf-color.svg","width":314,"height":121,"caption":"Cicar\u00e9"},"image":{"@id":"https:\/\/www.cicare.com.ar\/#\/schema\/logo\/image\/"}}]}},"_links":{"self":[{"href":"https:\/\/www.cicare.com.ar\/en\/wp-json\/wp\/v2\/pages\/758","targetHints":{"allow":["GET"]}}],"collection":[{"href":"https:\/\/www.cicare.com.ar\/en\/wp-json\/wp\/v2\/pages"}],"about":[{"href":"https:\/\/www.cicare.com.ar\/en\/wp-json\/wp\/v2\/types\/page"}],"author":[{"embeddable":true,"href":"https:\/\/www.cicare.com.ar\/en\/wp-json\/wp\/v2\/users\/2"}],"replies":[{"embeddable":true,"href":"https:\/\/www.cicare.com.ar\/en\/wp-json\/wp\/v2\/comments?post=758"}],"version-history":[{"count":209,"href":"https:\/\/www.cicare.com.ar\/en\/wp-json\/wp\/v2\/pages\/758\/revisions"}],"predecessor-version":[{"id":2442,"href":"https:\/\/www.cicare.com.ar\/en\/wp-json\/wp\/v2\/pages\/758\/revisions\/2442"}],"wp:attachment":[{"href":"https:\/\/www.cicare.com.ar\/en\/wp-json\/wp\/v2\/media?parent=758"}],"curies":[{"name":"wp","href":"https:\/\/api.w.org\/{rel}","templated":true}]}}